{"id":9988,"date":"2019-03-14T14:34:25","date_gmt":"2019-03-14T12:34:25","guid":{"rendered":"http:\/\/www.cellercapcanes.enproves.net\/privacy-policy\/"},"modified":"2019-03-14T14:50:51","modified_gmt":"2019-03-14T12:50:51","slug":"politica-de-privacidad","status":"publish","type":"page","link":"https:\/\/www.cellercapcanes.com\/es\/politica-de-privacidad\/","title":{"rendered":"Pol\u00edtica de privacidad"},"content":{"rendered":"\t\t<div data-elementor-type=\"wp-post\" data-elementor-id=\"9988\" class=\"elementor elementor-9988 elementor-9977\" data-elementor-post-type=\"page\">\n\t\t\t\t\t\t<section class=\"elementor-section elementor-top-section elementor-element elementor-element-cb67890 elementor-section-boxed elementor-section-height-default elementor-section-height-default\" data-id=\"cb67890\" data-element_type=\"section\" data-settings=\"{&quot;jet_parallax_layout_list&quot;:[{&quot;jet_parallax_layout_image&quot;:{&quot;url&quot;:&quot;&quot;,&quot;id&quot;:&quot;&quot;,&quot;size&quot;:&quot;&quot;},&quot;_id&quot;:&quot;3d3ef94&quot;,&quot;jet_parallax_layout_image_tablet&quot;:{&quot;url&quot;:&quot;&quot;,&quot;id&quot;:&quot;&quot;,&quot;size&quot;:&quot;&quot;},&quot;jet_parallax_layout_image_mobile&quot;:{&quot;url&quot;:&quot;&quot;,&quot;id&quot;:&quot;&quot;,&quot;size&quot;:&quot;&quot;},&quot;jet_parallax_layout_speed&quot;:{&quot;unit&quot;:&quot;%&quot;,&quot;size&quot;:50,&quot;sizes&quot;:[]},&quot;jet_parallax_layout_type&quot;:&quot;scroll&quot;,&quot;jet_parallax_layout_z_index&quot;:&quot;&quot;,&quot;jet_parallax_layout_bg_x&quot;:50,&quot;jet_parallax_layout_bg_y&quot;:50,&quot;jet_parallax_layout_bg_size&quot;:&quot;auto&quot;,&quot;jet_parallax_layout_animation_prop&quot;:&quot;transform&quot;,&quot;jet_parallax_layout_on&quot;:[&quot;desktop&quot;,&quot;tablet&quot;],&quot;jet_parallax_layout_direction&quot;:&quot;1&quot;,&quot;jet_parallax_layout_fx_direction&quot;:null,&quot;jet_parallax_layout_bg_x_tablet&quot;:&quot;&quot;,&quot;jet_parallax_layout_bg_x_mobile&quot;:&quot;&quot;,&quot;jet_parallax_layout_bg_y_tablet&quot;:&quot;&quot;,&quot;jet_parallax_layout_bg_y_mobile&quot;:&quot;&quot;,&quot;jet_parallax_layout_bg_size_tablet&quot;:&quot;&quot;,&quot;jet_parallax_layout_bg_size_mobile&quot;:&quot;&quot;}]}\">\n\t\t\t\t\t\t<div class=\"elementor-container elementor-column-gap-default\">\n\t\t\t\t\t<div class=\"elementor-column elementor-col-100 elementor-top-column elementor-element elementor-element-fb87325\" data-id=\"fb87325\" data-element_type=\"column\">\n\t\t\t<div class=\"elementor-widget-wrap elementor-element-populated\">\n\t\t\t\t\t\t<div class=\"elementor-element elementor-element-ba52c58 elementor-widget elementor-widget-heading\" data-id=\"ba52c58\" data-element_type=\"widget\" data-widget_type=\"heading.default\">\n\t\t\t\t<div class=\"elementor-widget-container\">\n\t\t\t\t\t<h1 class=\"elementor-heading-title elementor-size-default\">Privacy policy<\/h1>\t\t\t\t<\/div>\n\t\t\t\t<\/div>\n\t\t\t\t\t<\/div>\n\t\t<\/div>\n\t\t\t\t\t<\/div>\n\t\t<\/section>\n\t\t\t\t<section class=\"elementor-section elementor-top-section elementor-element elementor-element-20f9295 elementor-section-boxed elementor-section-height-default elementor-section-height-default\" data-id=\"20f9295\" data-element_type=\"section\" data-settings=\"{&quot;jet_parallax_layout_list&quot;:[{&quot;jet_parallax_layout_image&quot;:{&quot;url&quot;:&quot;&quot;,&quot;id&quot;:&quot;&quot;,&quot;size&quot;:&quot;&quot;},&quot;_id&quot;:&quot;1ecbbbd&quot;,&quot;jet_parallax_layout_image_tablet&quot;:{&quot;url&quot;:&quot;&quot;,&quot;id&quot;:&quot;&quot;,&quot;size&quot;:&quot;&quot;},&quot;jet_parallax_layout_image_mobile&quot;:{&quot;url&quot;:&quot;&quot;,&quot;id&quot;:&quot;&quot;,&quot;size&quot;:&quot;&quot;},&quot;jet_parallax_layout_speed&quot;:{&quot;unit&quot;:&quot;%&quot;,&quot;size&quot;:50,&quot;sizes&quot;:[]},&quot;jet_parallax_layout_type&quot;:&quot;scroll&quot;,&quot;jet_parallax_layout_z_index&quot;:&quot;&quot;,&quot;jet_parallax_layout_bg_x&quot;:50,&quot;jet_parallax_layout_bg_y&quot;:50,&quot;jet_parallax_layout_bg_size&quot;:&quot;auto&quot;,&quot;jet_parallax_layout_animation_prop&quot;:&quot;transform&quot;,&quot;jet_parallax_layout_on&quot;:[&quot;desktop&quot;,&quot;tablet&quot;],&quot;jet_parallax_layout_direction&quot;:&quot;1&quot;,&quot;jet_parallax_layout_fx_direction&quot;:null,&quot;jet_parallax_layout_bg_x_tablet&quot;:&quot;&quot;,&quot;jet_parallax_layout_bg_x_mobile&quot;:&quot;&quot;,&quot;jet_parallax_layout_bg_y_tablet&quot;:&quot;&quot;,&quot;jet_parallax_layout_bg_y_mobile&quot;:&quot;&quot;,&quot;jet_parallax_layout_bg_size_tablet&quot;:&quot;&quot;,&quot;jet_parallax_layout_bg_size_mobile&quot;:&quot;&quot;}]}\">\n\t\t\t\t\t\t<div class=\"elementor-container elementor-column-gap-default\">\n\t\t\t\t\t<div class=\"elementor-column elementor-col-100 elementor-top-column elementor-element elementor-element-997c897\" data-id=\"997c897\" data-element_type=\"column\">\n\t\t\t<div class=\"elementor-widget-wrap elementor-element-populated\">\n\t\t\t\t\t\t<div class=\"elementor-element elementor-element-e6f0c03 elementor-widget elementor-widget-text-editor\" data-id=\"e6f0c03\" data-element_type=\"widget\" data-widget_type=\"text-editor.default\">\n\t\t\t\t<div class=\"elementor-widget-container\">\n\t\t\t\t\t\t\t\t\t<p><strong>INFORMACI\u00d3N B\u00c1SICA SOBRE PROTECCI\u00d3N DE DATOS<\/strong><\/p>\n<table border=\"1\" cellspacing=\"1\" cellpadding=\"1\">\n<tbody>\n<tr>\n<td>SitioWeb<\/td>\n<td>www.cellercapcanes.com<\/td>\n<\/tr>\n<tr>\n<td>Titular del sitio web<\/td>\n<td>CELLER DE CAP\u00c7ANES SCCL<\/td>\n<\/tr>\n<tr>\n<td>Responsable tratamiento datos<\/td>\n<td>CELLER DE CAP\u00c7ANES SCCL<\/td>\n<\/tr>\n<tr>\n<td>Finalidad<\/td>\n<td>INFORMACI\u00d3N AL USUARIO<\/td>\n<\/tr>\n<tr>\n<td>Legitimaci\u00f3n<\/td>\n<td>Consentimiento otorgado por el usuario<\/td>\n<\/tr>\n<tr>\n<td>Edad legal consentimiento<\/td>\n<td>El Usuario certifica que es mayor de 14 a\u00f1os y que por lo tanto posee la capacidad legal necesaria para la prestaci\u00f3n del consentimiento en cuanto al tratamiento de sus datos de car\u00e1cter personal y todo ello, de conformidad con lo establecido en la presente Pol\u00edtica de Privacidad.<\/td>\n<\/tr>\n<tr>\n<td>Destinatarios<\/td>\n<td>Se comunicar\u00e1n datos a terceros para poder llevar a cabo las finalidades descritas en la presente pol\u00edtica de privacidad. En ning\u00fan caso se ceder\u00e1n datos a terceros para finalidades diferentes a las descritas en este documento.<\/td>\n<\/tr>\n<tr>\n<td>Derechos<\/td>\n<td>Acceder, rectificar y suprimir los datos, as\u00ed como otros derechos, como se explica en la informaci\u00f3n adicional.<\/td>\n<\/tr>\n<\/tbody>\n<\/table>\n<p><strong>INFORMACI\u00d3N ADICIONAL SOBRE PROTECCI\u00d3N DE DATOS<\/strong><\/p>\n<p>&#8211; \u00bfQui\u00e9n es el titular de esta web?<\/p>\n<table border=\"1\" cellspacing=\"1\" cellpadding=\"1\">\n<tbody>\n<tr>\n<td>Identidad<\/td>\n<td>CELLER DE CAP\u00c7ANES SCCL<\/td>\n<\/tr>\n<tr>\n<td>Direcci\u00f3n postal<\/td>\n<td>LLABERIA 4 &#8211; 43776 CAP\u00c7ANES<\/td>\n<\/tr>\n<tr>\n<td>Tel\u00e9fono<\/td>\n<td>977178319<\/td>\n<\/tr>\n<tr>\n<td>Correo electr\u00f3nico<\/td>\n<td>cellercapcanes@cellercapcanes.com<\/td>\n<\/tr>\n<\/tbody>\n<\/table>\n<p>&#8211; \u00bfQui\u00e9n es el responsable del tratamiento de sus datos de car\u00e1cter personal?<\/p>\n<table border=\"1\" cellspacing=\"1\" cellpadding=\"1\">\n<tbody>\n<tr>\n<td>Identidad<\/td>\n<td>MOIXO ENGINYERIA INFORMATICA S.L.<\/td>\n<\/tr>\n<tr>\n<td>Direcci\u00f3n postal<\/td>\n<td>C\/ CORSEGA 378 ATIC 3 &#8211; 08037 BARCELONA<\/td>\n<\/tr>\n<tr>\n<td>Tel\u00e9fono<\/td>\n<td>936 895 896<\/td>\n<\/tr>\n<tr>\n<td>Correo electr\u00f3nico<\/td>\n<td>info@moixo.com<\/td>\n<\/tr>\n<\/tbody>\n<\/table>\n<p>&#8211; \u00bfCon qu\u00e9 finalidad trataremos sus datos de car\u00e1cter personal y durante cu\u00e1nto tiempo los conservaremos?<\/p>\n<p>La empresa tratar\u00e1 sus datos de car\u00e1cter personal exclusivamente para fines determinados, expl\u00edcitos y leg\u00edtimos, y no ser\u00e1n tratados de manera incompatible con dichos fines.<\/p>\n<p>o Finalidades<\/p>\n<table border=\"1\" cellspacing=\"1\" cellpadding=\"1\">\n<tbody>\n<tr>\n<td>Finalidad 1<\/td>\n<td>Gesti\u00f3n, estudio y resoluci\u00f3n de consultas efectuadas a trav\u00e9s de la web. La empresa conservar\u00e1 sus datos de car\u00e1cter personal el tiempo necesario seg\u00fan la informaci\u00f3n facilitada y los plazos de conservaci\u00f3n recogidos en normativas que sean aplicables.<\/td>\n<\/tr>\n<tr>\n<td>Finalidad 2<\/td>\n<td>\u00a0<\/td>\n<\/tr>\n<tr>\n<td>Finalidad 3<\/td>\n<td>\u00a0<\/td>\n<\/tr>\n<\/tbody>\n<\/table>\n<p>&#8211; \u00bfCu\u00e1l es la legitimaci\u00f3n para el tratamiento de sus datos?<br \/>La base legal para el tratamiento de sus datos es el consentimiento que nos otorga al marcar la casilla en la que acepta nuestra pol\u00edtica de privacidad.<\/p>\n<p>&#8211; \u00bfA qu\u00e9 destinatarios se comunicar\u00e1n sus datos?<br \/>Los datos se comunicar\u00e1n a las siguientes empresas y con las siguientes finalidades:\u00a0<\/p>\n<table border=\"1\" cellspacing=\"1\" cellpadding=\"1\">\n<tbody>\n<tr>\n<td>DESTINATARIOS<\/td>\n<td>FINALIDAD<\/td>\n<\/tr>\n<tr>\n<td>EMPRESAS DE TRANSPORTES<\/td>\n<td>TRASNPORTAR LA MERCANCIA<\/td>\n<\/tr>\n<tr>\n<td>ASESORES<\/td>\n<td>ASESORAMIENTO DE EMPRESA EN GENERAL<\/td>\n<\/tr>\n<tr>\n<td>BANCOS<\/td>\n<td>GESTIONAR COBROS Y\/O PAGOS<\/td>\n<\/tr>\n<\/tbody>\n<\/table>\n<p>&#8211; \u00bfCu\u00e1les son sus derechos cuando nos facilita sus datos?<br \/>Cualquier persona tiene derecho a obtener confirmaci\u00f3n sobre si en la empresa estamos tratando datos personales que les conciernan, o no.<br \/>En concreto, puede usted dirigirse a la empresa a su direcci\u00f3n postal o bien a la direcci\u00f3n de email facilitada en el presente documento con la finalidad de ejercer los siguientes derechos:<br \/>o Derecho a solicitar el acceso a los datos personales relativos al interesado.<br \/>o Derecho a solicitar su rectificaci\u00f3n o supresi\u00f3n.<br \/>o Derecho a solicitar la limitaci\u00f3n de su tratamiento.<br \/>o Derecho a oponerse al tratamiento.<br \/>o Derecho a la portabilidad de los datos.<\/p>\n<p>Puede usted solicitar los formularios necesarios para el ejercicio de estos derechos enviando un correo electr\u00f3nico a la direcci\u00f3n de email facilitada en el presente documento.<\/p>\n<p>Dado el car\u00e1cter personal\u00edsimo del ejercicio de cualquiera de estos derechos usted deber\u00e1 adjuntar a la solicitud copia de su carnet de identidad o documento acreditativo equivalente.<\/p>\n<p>Puede usted dirigirse a la Agencia Espa\u00f1ola de protecci\u00f3n de Datos para obtener informaci\u00f3n adicional acerca de sus derechos o presentar una reclamaci\u00f3n ante la misma, especialmente cuando no haya obtenido satisfacci\u00f3n en el ejercicio de sus derechos, obteniendo toda la informaci\u00f3n necesaria para ello a trav\u00e9s de la web <a title=\"www.agpd.es\" href=\"http:\/\/www.agpd.es\/\">www.agpd.es<\/a><\/p>\n\t\t\t\t\t\t\t\t<\/div>\n\t\t\t\t<\/div>\n\t\t\t\t\t<\/div>\n\t\t<\/div>\n\t\t\t\t\t<\/div>\n\t\t<\/section>\n\t\t\t\t<\/div>\n\t\t","protected":false},"excerpt":{"rendered":"<p>Privacy policy INFORMACI\u00d3N B\u00c1SICA SOBRE PROTECCI\u00d3N DE DATOS SitioWeb www.cellercapcanes.com Titular del sitio web CELLER DE CAP\u00c7ANES SCCL Responsable tratamiento datos CELLER DE CAP\u00c7ANES SCCL Finalidad INFORMACI\u00d3N AL USUARIO Legitimaci\u00f3n Consentimiento otorgado por el usuario Edad legal consentimiento El Usuario certifica que es mayor de 14 a\u00f1os y que por lo tanto posee la capacidad &#8230; <a title=\"Pol\u00edtica de privacidad\" class=\"read-more\" href=\"https:\/\/www.cellercapcanes.com\/es\/politica-de-privacidad\/\" aria-label=\"Leer m\u00e1s sobre Pol\u00edtica de privacidad\">Leer m\u00e1s<\/a><\/p>\n","protected":false},"author":1,"featured_media":0,"parent":0,"menu_order":0,"comment_status":"closed","ping_status":"closed","template":"","meta":{"footnotes":""},"class_list":["post-9988","page","type-page","status-publish"],"_links":{"self":[{"href":"https:\/\/www.cellercapcanes.com\/es\/wp-json\/wp\/v2\/pages\/9988","targetHints":{"allow":["GET"]}}],"collection":[{"href":"https:\/\/www.cellercapcanes.com\/es\/wp-json\/wp\/v2\/pages"}],"about":[{"href":"https:\/\/www.cellercapcanes.com\/es\/wp-json\/wp\/v2\/types\/page"}],"author":[{"embeddable":true,"href":"https:\/\/www.cellercapcanes.com\/es\/wp-json\/wp\/v2\/users\/1"}],"replies":[{"embeddable":true,"href":"https:\/\/www.cellercapcanes.com\/es\/wp-json\/wp\/v2\/comments?post=9988"}],"version-history":[{"count":0,"href":"https:\/\/www.cellercapcanes.com\/es\/wp-json\/wp\/v2\/pages\/9988\/revisions"}],"wp:attachment":[{"href":"https:\/\/www.cellercapcanes.com\/es\/wp-json\/wp\/v2\/media?parent=9988"}],"curies":[{"name":"wp","href":"https:\/\/api.w.org\/{rel}","templated":true}]}}