{"id":9995,"date":"2019-03-14T14:38:10","date_gmt":"2019-03-14T12:38:10","guid":{"rendered":"http:\/\/www.cellercapcanes.enproves.net\/politica-de-cookies\/"},"modified":"2019-03-14T14:51:36","modified_gmt":"2019-03-14T12:51:36","slug":"cookies-policy","status":"publish","type":"page","link":"https:\/\/www.cellercapcanes.com\/en\/cookies-policy\/","title":{"rendered":"Cookies policy"},"content":{"rendered":"\t\t<div data-elementor-type=\"wp-post\" data-elementor-id=\"9995\" class=\"elementor elementor-9995 elementor-9990\" data-elementor-post-type=\"page\">\n\t\t\t\t\t\t<section class=\"elementor-section elementor-top-section elementor-element elementor-element-1fbc4ea elementor-section-boxed elementor-section-height-default elementor-section-height-default\" data-id=\"1fbc4ea\" data-element_type=\"section\" data-settings=\"{&quot;jet_parallax_layout_list&quot;:[{&quot;jet_parallax_layout_image&quot;:{&quot;url&quot;:&quot;&quot;,&quot;id&quot;:&quot;&quot;,&quot;size&quot;:&quot;&quot;},&quot;_id&quot;:&quot;b70f2f8&quot;,&quot;jet_parallax_layout_image_tablet&quot;:{&quot;url&quot;:&quot;&quot;,&quot;id&quot;:&quot;&quot;,&quot;size&quot;:&quot;&quot;},&quot;jet_parallax_layout_image_mobile&quot;:{&quot;url&quot;:&quot;&quot;,&quot;id&quot;:&quot;&quot;,&quot;size&quot;:&quot;&quot;},&quot;jet_parallax_layout_speed&quot;:{&quot;unit&quot;:&quot;%&quot;,&quot;size&quot;:50,&quot;sizes&quot;:[]},&quot;jet_parallax_layout_type&quot;:&quot;scroll&quot;,&quot;jet_parallax_layout_z_index&quot;:&quot;&quot;,&quot;jet_parallax_layout_bg_x&quot;:50,&quot;jet_parallax_layout_bg_y&quot;:50,&quot;jet_parallax_layout_bg_size&quot;:&quot;auto&quot;,&quot;jet_parallax_layout_animation_prop&quot;:&quot;transform&quot;,&quot;jet_parallax_layout_on&quot;:[&quot;desktop&quot;,&quot;tablet&quot;],&quot;jet_parallax_layout_direction&quot;:&quot;1&quot;,&quot;jet_parallax_layout_fx_direction&quot;:null,&quot;jet_parallax_layout_bg_x_tablet&quot;:&quot;&quot;,&quot;jet_parallax_layout_bg_x_mobile&quot;:&quot;&quot;,&quot;jet_parallax_layout_bg_y_tablet&quot;:&quot;&quot;,&quot;jet_parallax_layout_bg_y_mobile&quot;:&quot;&quot;,&quot;jet_parallax_layout_bg_size_tablet&quot;:&quot;&quot;,&quot;jet_parallax_layout_bg_size_mobile&quot;:&quot;&quot;}]}\">\n\t\t\t\t\t\t<div class=\"elementor-container elementor-column-gap-default\">\n\t\t\t\t\t<div class=\"elementor-column elementor-col-100 elementor-top-column elementor-element elementor-element-dbbcc29\" data-id=\"dbbcc29\" data-element_type=\"column\">\n\t\t\t<div class=\"elementor-widget-wrap elementor-element-populated\">\n\t\t\t\t\t\t<div class=\"elementor-element elementor-element-e2711ba elementor-widget elementor-widget-heading\" data-id=\"e2711ba\" data-element_type=\"widget\" data-widget_type=\"heading.default\">\n\t\t\t\t<div class=\"elementor-widget-container\">\n\t\t\t\t\t<h2 class=\"elementor-heading-title elementor-size-default\">Cookies policy<\/h2>\t\t\t\t<\/div>\n\t\t\t\t<\/div>\n\t\t\t\t\t<\/div>\n\t\t<\/div>\n\t\t\t\t\t<\/div>\n\t\t<\/section>\n\t\t\t\t<section class=\"elementor-section elementor-top-section elementor-element elementor-element-0b6e09e elementor-section-boxed elementor-section-height-default elementor-section-height-default\" data-id=\"0b6e09e\" data-element_type=\"section\" data-settings=\"{&quot;jet_parallax_layout_list&quot;:[{&quot;jet_parallax_layout_image&quot;:{&quot;url&quot;:&quot;&quot;,&quot;id&quot;:&quot;&quot;,&quot;size&quot;:&quot;&quot;},&quot;_id&quot;:&quot;cb334f2&quot;,&quot;jet_parallax_layout_image_tablet&quot;:{&quot;url&quot;:&quot;&quot;,&quot;id&quot;:&quot;&quot;,&quot;size&quot;:&quot;&quot;},&quot;jet_parallax_layout_image_mobile&quot;:{&quot;url&quot;:&quot;&quot;,&quot;id&quot;:&quot;&quot;,&quot;size&quot;:&quot;&quot;},&quot;jet_parallax_layout_speed&quot;:{&quot;unit&quot;:&quot;%&quot;,&quot;size&quot;:50,&quot;sizes&quot;:[]},&quot;jet_parallax_layout_type&quot;:&quot;scroll&quot;,&quot;jet_parallax_layout_z_index&quot;:&quot;&quot;,&quot;jet_parallax_layout_bg_x&quot;:50,&quot;jet_parallax_layout_bg_y&quot;:50,&quot;jet_parallax_layout_bg_size&quot;:&quot;auto&quot;,&quot;jet_parallax_layout_animation_prop&quot;:&quot;transform&quot;,&quot;jet_parallax_layout_on&quot;:[&quot;desktop&quot;,&quot;tablet&quot;],&quot;jet_parallax_layout_direction&quot;:&quot;1&quot;,&quot;jet_parallax_layout_fx_direction&quot;:null,&quot;jet_parallax_layout_bg_x_tablet&quot;:&quot;&quot;,&quot;jet_parallax_layout_bg_x_mobile&quot;:&quot;&quot;,&quot;jet_parallax_layout_bg_y_tablet&quot;:&quot;&quot;,&quot;jet_parallax_layout_bg_y_mobile&quot;:&quot;&quot;,&quot;jet_parallax_layout_bg_size_tablet&quot;:&quot;&quot;,&quot;jet_parallax_layout_bg_size_mobile&quot;:&quot;&quot;}]}\">\n\t\t\t\t\t\t<div class=\"elementor-container elementor-column-gap-default\">\n\t\t\t\t\t<div class=\"elementor-column elementor-col-100 elementor-top-column elementor-element elementor-element-a2da15a\" data-id=\"a2da15a\" data-element_type=\"column\">\n\t\t\t<div class=\"elementor-widget-wrap elementor-element-populated\">\n\t\t\t\t\t\t<div class=\"elementor-element elementor-element-edd9c34 elementor-widget elementor-widget-text-editor\" data-id=\"edd9c34\" data-element_type=\"widget\" data-widget_type=\"text-editor.default\">\n\t\t\t\t<div class=\"elementor-widget-container\">\n\t\t\t\t\t\t\t\t\t<p>En <a title=\"www.cellercapcanes.com\" href=\"https:\/\/www.cellercapcanes.com\/\">www.cellercapcanes.com<\/a>utilitzem cookies amb l&#8217;objectiu de prestar un millor servei i proporcionar-te una millor experi\u00e8ncia en la teva navegaci\u00f3. Volem informar-te de manera clara i precisa sobre les cookies que utilitzem, detallant a continuaci\u00f3, que \u00e9s una cookie, perqu\u00e8 serveix, que tipus de cookies utilitzem, quines s\u00f3n la seva finalitat i com pots configurar-les o deshabilitar-les si aix\u00ed ho desitges.<\/p>\n<p>\u00bfQu\u00e8 es una cookie y perqu\u00e8 serveix?<\/p>\n<p>Una \u201cCookie\u201d \u00e9s un petit arxiu que s&#8217;emmagatzema en l&#8217;ordinador de l\u2019usuari, tablet,\u00a0 smartphone o qualsevol altre dispositiu amb informaci\u00f3 sobre la navegaci\u00f3.<\/p>\n<p>El conjunt de \u201ccookies\u201d de tots els nostres usuaris ens ajuda a millorar la qualitat de la nostra web, permetent-nos controlar qu\u00e8 p\u00e0gines s\u00f3n \u00fatils, quins no i quins s\u00f3n susceptibles de millora.<\/p>\n<p>Les cookies s\u00f3n essencials per al funcionament d&#8217;internet, aportant innombrables avantatges en la prestaci\u00f3 de serveis interactius, facilitant-te la navegaci\u00f3 i funcionalitat de la nostra web.<\/p>\n<p>En cap cas les cookies podrien danyar el teu equip. Per contra, el que estiguin actives ens ajuda a identificar i resoldre els errors.<\/p>\n<p>\u00bfQuins tipus de cookies utilitzems?<\/p>\n<p>Segons l\u2019entitat que la gestiona:<\/p>\n<p>&#8211; Cookies pr\u00f2pies: S\u00f3n aquelles que s&#8217;envien al teu equip des dels nostres propis equips o dominis i des del qual prestem el servei que ens sol\u00b7licites.<br \/>&#8211; Cookies de tercers: S\u00f3n aquelles que s&#8217;envien al teu equip des d&#8217;un equip o domini que no \u00e9s gestionat per nosaltres, sin\u00f3 per una altra entitat col\u00b7laboradora. Com, per exemple, les usades per xarxes socials, o per contingut extern com Google Maps.<\/p>\n<p>Segons el termini de temps que romanen activades:<\/p>\n<p>&#8211; Cookies de sessi\u00f3: S\u00f3n cookies temporals que romanen en l&#8217;arxiu de cookies del teu navegador fins que abandones la p\u00e0gina web, per la qual cosa cap queda registrada en el disc dur del teu ordinador. La informaci\u00f3 obtinguda per mitj\u00e0 d\u2019aquestes cookies, serveixen per analitzar pautes de tr\u00e0fic a la web. A la llarga, aix\u00f2 ens permet proporcionar una millor experi\u00e8ncia per millorar el contingut i facilitar el seu \u00fas.<br \/>&#8211; Cookies persistents: s\u00f3n emmagatzemades en el disc dur i nostra web les llegeix cada vegada que realitzes una nova visita. Una web permanent posseeix una data d&#8217;expiraci\u00f3 determinada. La cookie deixar\u00e0 de funcionar despr\u00e9s d&#8217;aquesta data. Aquestes cookies les utilitzem, generalment, per facilitar els serveis de compra i registre.<\/p>\n<p>Segons la fiinalitat:<\/p>\n<p>&#8211; Cookies t\u00e8cniques: S\u00f3n aquelles necess\u00e0ries per a la navegaci\u00f3 i el bon funcionament de la nostra p\u00e0gina web. Permeten, per exemple, controlar el tr\u00e0fic i la comunicaci\u00f3 de dades, accedir a parts d&#8217;acc\u00e9s restringit, realitzar el proc\u00e9s de compra d&#8217;una comanda, utilitzar elements de seguretat, emmagatzemar continguts per poder difondre v\u00eddeos o compartir continguts a trav\u00e9s de xarxes socials.<br \/>&#8211; Cookies de personalitzaci\u00f3: S\u00f3n aquelles que et permeten accedir al servei amb unes caracter\u00edstiques predefinides en funci\u00f3 d&#8217;una s\u00e8rie de criteris, com per exemple l&#8217;idioma, el tipus de navegador a trav\u00e9s del com s&#8217;accedeix al servei, la configuraci\u00f3 regional des d&#8217;on s&#8217;accedeix al servei, etc.<br \/>&#8211; Cookies d&#8217;an\u00e0lisi: S\u00f3n aquelles que ens permeten quantificar el nombre d&#8217;usuaris i aix\u00ed realitzar el mesurament i an\u00e0lisi estad\u00edstica de la utilitzaci\u00f3 que fan els usuaris dels serveis prestats. Per a aix\u00f2 s&#8217;analitza la seva navegaci\u00f3 a la nostra p\u00e0gina web amb la finalitat de millorar l&#8217;oferta de productes i serveis que oferim.<br \/>&#8211; Cookies publicit\u00e0ries: S\u00f3n aquelles que permeten la gesti\u00f3, de la forma m\u00e9s efica\u00e7 possible, dels espais publicitaris que es poguessin incloure a la nostra p\u00e0gina web.<br \/>&#8211; Cookies de publicitat comportamentall: Aquestes cookies emmagatzemen informaci\u00f3 del comportament dels usuaris obtinguda a trav\u00e9s de l&#8217;observaci\u00f3 continuada. Gr\u00e0cies a elles, podem con\u00e8ixer els h\u00e0bits de navegaci\u00f3 en internet i mostrar-te publicitat relacionada amb el teu perfil de navegaci\u00f3.<\/p>\n<p>\u00bfCom pots configurar o deshabilitar els tegus cookies?<\/p>\n<p>Pots permetre, bloquejar o eliminar les cookies instal\u00b7lades en el seu equip mitjan\u00e7ant la configuraci\u00f3 de les opcions del teu navegador d&#8217;Internet. En cas que no permetis la instal\u00b7laci\u00f3 de cookies en el teu navegador \u00e9s possible que no puguis accedir a alguns dels serveis i que la teva experi\u00e8ncia a la nostra web pugui resultar menys satisfact\u00f2ria.<\/p>\n<p>Als seg\u00fcents enlla\u00e7os tens a la teva disposici\u00f3 tota la informaci\u00f3 per configurar o deshabilitar les teves cookies en cada navegador:<\/p>\n<p>\u00b7 <a href=\"https:\/\/support.google.com\/chrome\/answer\/95647?hl=es\" target=\"_blank\" rel=\"noopener\">Google Chrome<\/a><br \/>\u00b7 <a href=\"https:\/\/support.mozilla.org\/es\/kb\/habilitar-y-deshabilitar-cookies-sitios-web-rastrear-preferencias?redirectlocale=es&amp;redirectslug=habilitar-y-deshabilitar-cookies-que-los-sitios-we\" target=\"_blank\" rel=\"noopener\">Mozilla Firefox<\/a><br \/>\u00b7 <a href=\"https:\/\/support.microsoft.com\/ca-es\/help\/17442\/windows-internet-explorer-delete-manage-cookies\" target=\"_blank\" rel=\"noopener\">Internet Explorer<\/a><br \/>\u00b7 <a href=\"https:\/\/support.apple.com\/kb\/ph5042?locale=en_US&amp;viewlocale=es_es\" target=\"_blank\" rel=\"noopener\">Safari<\/a><br \/>\u00b7 <a href=\"https:\/\/support.apple.com\/en-us\/HT201265\" target=\"_blank\" rel=\"noopener\">Safari para IOS<\/a>(iPhone y iPad)<br \/>\u00b7 <a href=\"https:\/\/support.google.com\/chrome\/answer\/114662?hl=es&amp;visit_id=1-636670687843067534-3002660552&amp;rd=1\" target=\"_blank\" rel=\"noopener\">Chrome para Android<\/a><\/p>\n<p>Consentiment.<\/p>\n<p>En <p \u00e0gina web de l'empresa> mai guardem les dades personals dels nostres usuaris, a excepci\u00f3 de l&#8217;adre\u00e7a IP d&#8217;acord al descrit anteriorment, excepte aquells que s&#8217;aporten al moment del registre i amb les finalitats exposades en l&#8217;Av\u00eds Legal i la Pol\u00edtica de Privadesa.<\/p>\n<p>En navegar i continuar a la nostra web ens indiques que est\u00e0s consentint l&#8217;\u00fas de les cookies abans enunciades, i en les condicions contingudes en la present Pol\u00edtica de Cookies.<\/p>\n\t\t\t\t\t\t\t\t<\/div>\n\t\t\t\t<\/div>\n\t\t\t\t\t<\/div>\n\t\t<\/div>\n\t\t\t\t\t<\/div>\n\t\t<\/section>\n\t\t\t\t<\/div>\n\t\t","protected":false},"excerpt":{"rendered":"<p>Cookies policy En www.cellercapcanes.comutilitzem cookies amb l&#8217;objectiu de prestar un millor servei i proporcionar-te una millor experi\u00e8ncia en la teva navegaci\u00f3. Volem informar-te de manera clara i precisa sobre les cookies que utilitzem, detallant a continuaci\u00f3, que \u00e9s una cookie, perqu\u00e8 serveix, que tipus de cookies utilitzem, quines s\u00f3n la seva finalitat i com pots &#8230; <a title=\"Cookies policy\" class=\"read-more\" href=\"https:\/\/www.cellercapcanes.com\/en\/cookies-policy\/\" aria-label=\"Read more about Cookies policy\">Read more<\/a><\/p>\n","protected":false},"author":1,"featured_media":0,"parent":0,"menu_order":0,"comment_status":"closed","ping_status":"closed","template":"","meta":{"footnotes":""},"class_list":["post-9995","page","type-page","status-publish"],"_links":{"self":[{"href":"https:\/\/www.cellercapcanes.com\/en\/wp-json\/wp\/v2\/pages\/9995","targetHints":{"allow":["GET"]}}],"collection":[{"href":"https:\/\/www.cellercapcanes.com\/en\/wp-json\/wp\/v2\/pages"}],"about":[{"href":"https:\/\/www.cellercapcanes.com\/en\/wp-json\/wp\/v2\/types\/page"}],"author":[{"embeddable":true,"href":"https:\/\/www.cellercapcanes.com\/en\/wp-json\/wp\/v2\/users\/1"}],"replies":[{"embeddable":true,"href":"https:\/\/www.cellercapcanes.com\/en\/wp-json\/wp\/v2\/comments?post=9995"}],"version-history":[{"count":0,"href":"https:\/\/www.cellercapcanes.com\/en\/wp-json\/wp\/v2\/pages\/9995\/revisions"}],"wp:attachment":[{"href":"https:\/\/www.cellercapcanes.com\/en\/wp-json\/wp\/v2\/media?parent=9995"}],"curies":[{"name":"wp","href":"https:\/\/api.w.org\/{rel}","templated":true}]}}